{"id":2785,"date":"2023-01-22T20:35:36","date_gmt":"2023-01-22T19:35:36","guid":{"rendered":"https:\/\/yallah-yallah.com\/fertiladour\/?page_id=2785"},"modified":"2023-01-25T10:22:28","modified_gmt":"2023-01-25T09:22:28","slug":"vous-procurer-sans-compter-les-morts-fertiladour-timac-agro-en-format-tablette-gratuitement","status":"publish","type":"page","link":"https:\/\/yallah-yallah.com\/fertiladour\/vous-procurer-sans-compter-les-morts-fertiladour-timac-agro-en-format-tablette-gratuitement\/","title":{"rendered":"Vous procurer \u00ab\u00a0Sans compter les morts\u00a0\u00bb en format tablette, gratuitement"},"content":{"rendered":"<div id=\"pl-2785\"  class=\"panel-layout\" ><div id=\"pg-2785-0\"  class=\"panel-grid panel-no-style\" ><div id=\"pgc-2785-0-0\"  class=\"panel-grid-cell\" ><div id=\"panel-2785-0-0-0\" class=\"so-panel widget widget_sow-editor panel-first-child panel-last-child\" data-index=\"0\" ><div\n\t\t\t\n\t\t\tclass=\"so-widget-sow-editor so-widget-sow-editor-base\"\n\t\t\t\n\t\t>\n<div class=\"siteorigin-widget-tinymce textwidget\">\n\t<p data-wp-editing=\"1\"><img loading=\"lazy\" decoding=\"async\" class=\" wp-image-1394 aligncenter\" src=\"https:\/\/yallah-yallah.com\/fertiladour\/wp-content\/uploads\/2018\/08\/livre.png\" alt=\"\" width=\"277\" height=\"425\" srcset=\"https:\/\/yallah-yallah.com\/fertiladour\/wp-content\/uploads\/2018\/08\/livre.png 400w, https:\/\/yallah-yallah.com\/fertiladour\/wp-content\/uploads\/2018\/08\/livre-196x300.png 196w\" sizes=\"auto, (max-width: 277px) 100vw, 277px\" \/><\/p>\n<\/div>\n<\/div><\/div><\/div><div id=\"pgc-2785-0-1\"  class=\"panel-grid-cell\" ><div id=\"panel-2785-0-1-0\" class=\"so-panel widget widget_text panel-first-child\" data-index=\"1\" >\t\t\t<div class=\"textwidget\"><h2><\/h2>\n<h2><strong>Le livre est d\u00e9sormais \u00e9puis\u00e9 dans son format papier, avec pr\u00e8s de 300 exemplaires vendus.<\/strong><\/h2>\n<\/div>\n\t\t<\/div><div id=\"panel-2785-0-1-1\" class=\"so-panel widget widget_text panel-last-child\" data-index=\"2\" >\t\t\t<div class=\"textwidget\"><p><strong>Format broch\u00e9 papier :<br \/>\n18 \u20ac TTC<\/strong><\/p>\n<p>Format 13,5 par 21 cm, 300 pages<br \/>\nDate de parution : 29 Octobre 2018 &#8211; ISBN : 978-2-9565593-0-6<\/p>\n<\/div>\n\t\t<\/div><\/div><\/div><div id=\"pg-2785-1\"  class=\"panel-grid panel-no-style\" ><div id=\"pgc-2785-1-0\"  class=\"panel-grid-cell\" ><div id=\"panel-2785-1-0-0\" class=\"so-panel widget widget_sow-editor panel-first-child panel-last-child\" data-index=\"3\" ><div\n\t\t\t\n\t\t\tclass=\"so-widget-sow-editor so-widget-sow-editor-base\"\n\t\t\t\n\t\t>\n<div class=\"siteorigin-widget-tinymce textwidget\">\n\t<p data-wp-editing=\"1\"><a href=\"https:\/\/yallah-yallah.com\/fertiladour\/wp-content\/Ebook\/Sans%20compter%20les%20morts%20-%20Ramuntxo%20Garbisu.epub\" target=\"_blank\" rel=\"noopener\"><img loading=\"lazy\" decoding=\"async\" class=\"wp-image-1958 size-full aligncenter\" src=\"https:\/\/yallah-yallah.com\/fertiladour\/wp-content\/uploads\/2018\/08\/liseuse.jpg\" alt=\"\" width=\"450\" height=\"400\" srcset=\"https:\/\/yallah-yallah.com\/fertiladour\/wp-content\/uploads\/2018\/08\/liseuse.jpg 450w, https:\/\/yallah-yallah.com\/fertiladour\/wp-content\/uploads\/2018\/08\/liseuse-300x267.jpg 300w\" sizes=\"auto, (max-width: 450px) 100vw, 450px\" \/><\/a><\/p>\n<\/div>\n<\/div><\/div><\/div><div id=\"pgc-2785-1-1\"  class=\"panel-grid-cell\" ><div id=\"panel-2785-1-1-0\" class=\"so-panel widget widget_text panel-first-child\" data-index=\"4\" >\t\t\t<div class=\"textwidget\"><h2>Le livre en format \u00e9lectronique d\u00e9sormais en acc\u00e8s gratuit<\/h2>\n<p><strong><a href=\"https:\/\/yallah-yallah.com\/fertiladour\/wp-content\/Ebook\/Sans%20compter%20les%20morts%20-%20Ramuntxo%20Garbisu.epub\" target=\"_blank\" rel=\"noopener\"><img loading=\"lazy\" decoding=\"async\" class=\"alignleft wp-image-2790 size-thumbnail\" src=\"https:\/\/yallah-yallah.com\/fertiladour\/wp-content\/uploads\/2023\/01\/icon-telecharegment-150x150.png\" alt=\"\" width=\"50\" height=\"50\" srcset=\"https:\/\/yallah-yallah.com\/fertiladour\/wp-content\/uploads\/2023\/01\/icon-telecharegment-150x150.png 150w, https:\/\/yallah-yallah.com\/fertiladour\/wp-content\/uploads\/2023\/01\/icon-telecharegment-300x300.png 300w, https:\/\/yallah-yallah.com\/fertiladour\/wp-content\/uploads\/2023\/01\/icon-telecharegment-100x100.png 100w, https:\/\/yallah-yallah.com\/fertiladour\/wp-content\/uploads\/2023\/01\/icon-telecharegment.png 360w\" sizes=\"auto, (max-width: 50px) 100vw, 50px\" \/><\/a>Il vous suffit de le t\u00e9l\u00e9charger ici, par un lien s\u00e9curis\u00e9<br \/>\n<\/strong><\/p>\n<p>&nbsp;<\/p>\n<\/div>\n\t\t<\/div><div id=\"panel-2785-1-1-1\" class=\"so-panel widget widget_text panel-last-child\" data-index=\"5\" >\t\t\t<div class=\"textwidget\"><p><strong>Une fois t\u00e9l\u00e9charg\u00e9, vous pouvez le lire sur diff\u00e9rents supports (je vous aide ci-dessous).<\/strong><\/p>\n<\/div>\n\t\t<\/div><\/div><\/div><div id=\"pg-2785-2\"  class=\"panel-grid panel-no-style\" ><div id=\"pgc-2785-2-0\"  class=\"panel-grid-cell\" ><div id=\"panel-2785-2-0-0\" class=\"so-panel widget widget_text panel-first-child panel-last-child\" data-index=\"6\" >\t\t\t<div class=\"textwidget\"><h4>Sur PC ou Macintosh, il vous faut t\u00e9l\u00e9charger un programme gratuit <img loading=\"lazy\" decoding=\"async\" class=\"alignleft wp-image-2800 size-thumbnail\" src=\"https:\/\/yallah-yallah.com\/fertiladour\/wp-content\/uploads\/2023\/01\/by-adobe-150x62.jpg\" alt=\"\" width=\"150\" height=\"62\" \/>de lecture<\/h4>\n<p>&nbsp;<\/p>\n<\/div>\n\t\t<\/div><\/div><div id=\"pgc-2785-2-1\"  class=\"panel-grid-cell panel-grid-cell-mobile-last\" ><div id=\"panel-2785-2-1-0\" class=\"so-panel widget widget_text panel-first-child panel-last-child\" data-index=\"7\" >\t\t\t<div class=\"textwidget\"><h4>T\u00e9l\u00e9charger Digital Edition\u00a0<a href=\"https:\/\/adedownload.adobe.com\/pub\/adobe\/digitaleditions\/ADE_4.5_Installer.dmg\">4.5.11 Macintosh (22\u00a0Mo)<\/a><\/h4>\n<h4>T\u00e9l\u00e9charger\u00a0Digital Edition\u00a0<a href=\"https:\/\/adedownload.adobe.com\/pub\/adobe\/digitaleditions\/ADE_4.5_Installer.exe\">4.5.11 Windows (8,24\u00a0Mo)<\/a><\/h4>\n<\/div>\n\t\t<\/div><\/div><div id=\"pgc-2785-2-2\"  class=\"panel-grid-cell panel-grid-cell-empty\" ><\/div><\/div><div id=\"pg-2785-3\"  class=\"panel-grid panel-no-style\" ><div id=\"pgc-2785-3-0\"  class=\"panel-grid-cell\" ><div id=\"panel-2785-3-0-0\" class=\"so-panel widget widget_text panel-first-child panel-last-child\" data-index=\"8\" >\t\t\t<div class=\"textwidget\"><h4>Sur tablette Android, il vous faut t\u00e9l\u00e9charger une application gratuite de lecture (comme <a href=\"https:\/\/play.google.com\/store\/apps\/details?id=com.reader.books&amp;hl=fr&amp;gl=US\" target=\"_blank\" rel=\"noopener\">Eboox<\/a>, par exemple)<\/h4>\n<p>&nbsp;<\/p>\n<\/div>\n\t\t<\/div><\/div><div id=\"pgc-2785-3-1\"  class=\"panel-grid-cell panel-grid-cell-mobile-last\" ><div id=\"panel-2785-3-1-0\" class=\"so-panel widget widget_text panel-first-child panel-last-child\" data-index=\"9\" >\t\t\t<div class=\"textwidget\"><p><a href=\"https:\/\/play.google.com\/store\/apps\/details?id=com.reader.books&amp;hl=fr&amp;gl=US\" target=\"_blank\" rel=\"noopener\"><img loading=\"lazy\" decoding=\"async\" class=\"alignleft wp-image-2808 size-thumbnail\" src=\"https:\/\/yallah-yallah.com\/fertiladour\/wp-content\/uploads\/2023\/01\/playstore-epub-150x150.png\" alt=\"\" width=\"150\" height=\"150\" srcset=\"https:\/\/yallah-yallah.com\/fertiladour\/wp-content\/uploads\/2023\/01\/playstore-epub-150x150.png 150w, https:\/\/yallah-yallah.com\/fertiladour\/wp-content\/uploads\/2023\/01\/playstore-epub-300x300.png 300w, https:\/\/yallah-yallah.com\/fertiladour\/wp-content\/uploads\/2023\/01\/playstore-epub-100x100.png 100w, https:\/\/yallah-yallah.com\/fertiladour\/wp-content\/uploads\/2023\/01\/playstore-epub.png 480w\" sizes=\"auto, (max-width: 150px) 100vw, 150px\" \/><\/a><\/p>\n<\/div>\n\t\t<\/div><\/div><div id=\"pgc-2785-3-2\"  class=\"panel-grid-cell panel-grid-cell-empty\" ><\/div><\/div><div id=\"pg-2785-4\"  class=\"panel-grid panel-no-style\" ><div id=\"pgc-2785-4-0\"  class=\"panel-grid-cell\" ><div id=\"panel-2785-4-0-0\" class=\"so-panel widget widget_text panel-first-child panel-last-child\" data-index=\"10\" >\t\t\t<div class=\"textwidget\"><h4>Sur tablette Apple, il vous faut t\u00e9l\u00e9charger une application gratuite de lecture (comme <a href=\"https:\/\/apps.apple.com\/fr\/app\/epub-reader-reader-for-epub-format\/id972654880\" target=\"_blank\" rel=\"noopener\">ePub Reader<\/a>, par exemple)<\/h4>\n<p>&nbsp;<\/p>\n<\/div>\n\t\t<\/div><\/div><div id=\"pgc-2785-4-1\"  class=\"panel-grid-cell panel-grid-cell-mobile-last\" ><div id=\"panel-2785-4-1-0\" class=\"so-panel widget widget_text panel-first-child panel-last-child\" data-index=\"11\" >\t\t\t<div class=\"textwidget\"><p><a href=\"https:\/\/apps.apple.com\/fr\/app\/epub-reader-reader-for-epub-format\/id972654880\" target=\"_blank\" rel=\"noopener\"><img loading=\"lazy\" decoding=\"async\" class=\"alignleft wp-image-2813 size-full\" src=\"https:\/\/yallah-yallah.com\/fertiladour\/wp-content\/uploads\/2023\/01\/epub-apple.jpg\" alt=\"\" width=\"150\" height=\"150\" srcset=\"https:\/\/yallah-yallah.com\/fertiladour\/wp-content\/uploads\/2023\/01\/epub-apple.jpg 150w, https:\/\/yallah-yallah.com\/fertiladour\/wp-content\/uploads\/2023\/01\/epub-apple-100x100.jpg 100w\" sizes=\"auto, (max-width: 150px) 100vw, 150px\" \/><\/a><\/p>\n<\/div>\n\t\t<\/div><\/div><div id=\"pgc-2785-4-2\"  class=\"panel-grid-cell panel-grid-cell-empty\" ><\/div><\/div><div id=\"pg-2785-5\"  class=\"panel-grid panel-no-style\" ><div id=\"pgc-2785-5-0\"  class=\"panel-grid-cell panel-grid-cell-mobile-last\" ><div id=\"panel-2785-5-0-0\" class=\"so-panel widget widget_text panel-first-child panel-last-child\" data-index=\"12\" >\t\t\t<div class=\"textwidget\"><h4>Bien s\u00fbr, il doit exister des tablettes, liseuses o\u00f9 cela pourrait \u00eatre plus difficile, voire impossible, de lire ce livre en format digital&#8230;<\/h4>\n<h4>Mais vous allez sans doute trouver la solution \ud83d\ude42<\/h4>\n<p>&nbsp;<\/p>\n<\/div>\n\t\t<\/div><\/div><div id=\"pgc-2785-5-1\"  class=\"panel-grid-cell panel-grid-cell-empty\" ><\/div><\/div><div id=\"pg-2785-6\"  class=\"panel-grid panel-no-style\" ><div id=\"pgc-2785-6-0\"  class=\"panel-grid-cell\" ><div id=\"panel-2785-6-0-0\" class=\"so-panel widget widget_text panel-first-child panel-last-child\" data-index=\"13\" >\t\t\t<div class=\"textwidget\"><p>Et je vous confie ici une motivation profonde et sinc\u00e8re pour mettre \u00e0 disposition de tous ce livre qui raconte l&rsquo;histoire terrible de ceux qui n&rsquo;ont pas compt\u00e9, et que l&rsquo;on n&rsquo;a pas compt\u00e9s&#8230;<\/p>\n<p>Ce projet de loi sur l&rsquo;allongement de l&rsquo;\u00e2ge de la retraite, qui impose aux ouvriers de consid\u00e9rer qu&rsquo;il leur faudrait travailler encore plus longtemps&#8230; \u00catre encore plus longtemps indisponibles pour leurs familles, avec leurs corps us\u00e9s, meurtris, pollu\u00e9s&#8230;<\/p>\n<p>J&rsquo;ai pens\u00e9 \u00e0 Henri, \u00e0 Roland, partis sans jouir de cette retraite qu&rsquo;ils esp\u00e9raient avoir m\u00e9rit\u00e9e et gagn\u00e9e&#8230; Marre, basta&#8230; Prot\u00e9ger nos plus faibles, nos plus vieux.. Avec plus de dignit\u00e9 que de leur expliquer, comme l&rsquo;a fait Macron, qu&rsquo;il n&rsquo;aime pas le mot \u00ab\u00a0p\u00e9nibilit\u00e9\u00a0\u00bb du travail, \u00ab\u00a0parce que cela sugg\u00e8re que le travail est p\u00e9nible\u00a0\u00bb.<\/p>\n<p>Refuser leur projet de nous faire travailler plus tard, jusqu&rsquo;\u00e0 nos souffles \u00e9puis\u00e9s. Et refuser les silences, les accommodements avec une \u00ab\u00a0pollution plus historique qu&rsquo;actuelle\u00a0\u00bb de la zone portuaire de Bayonne. Ne pas c\u00e9der un pouce sur leurs terrains, sans compter ceux qui sont d\u00e9j\u00e0 tomb\u00e9s, et ceux qui craignent d\u00e9sormais de tomber \u00e0 leur tour.<\/p>\n<p><img loading=\"lazy\" decoding=\"async\" class=\"wp-image-2731 size-full aligncenter\" src=\"https:\/\/yallah-yallah.com\/fertiladour\/wp-content\/uploads\/2019\/06\/fb-perso-1.jpg\" alt=\"\" width=\"815\" height=\"351\" srcset=\"https:\/\/yallah-yallah.com\/fertiladour\/wp-content\/uploads\/2019\/06\/fb-perso-1.jpg 815w, https:\/\/yallah-yallah.com\/fertiladour\/wp-content\/uploads\/2019\/06\/fb-perso-1-300x129.jpg 300w, https:\/\/yallah-yallah.com\/fertiladour\/wp-content\/uploads\/2019\/06\/fb-perso-1-768x331.jpg 768w, https:\/\/yallah-yallah.com\/fertiladour\/wp-content\/uploads\/2019\/06\/fb-perso-1-600x258.jpg 600w, https:\/\/yallah-yallah.com\/fertiladour\/wp-content\/uploads\/2019\/06\/fb-perso-1-500x215.jpg 500w\" sizes=\"auto, (max-width: 815px) 100vw, 815px\" \/><\/p>\n<p>Bises, pens\u00e9es, et Yallah<\/p>\n<\/div>\n\t\t<\/div><\/div><\/div><\/div>","protected":false},"excerpt":{"rendered":"<p>Le livre est d\u00e9sormais \u00e9puis\u00e9 dans son format papier, avec pr\u00e8s de 300 exemplaires vendus. Format broch\u00e9 papier : 18 \u20ac TTC Format 13,5 par 21 cm, 300 pages Date de parution : 29 Octobre 2018 &#8211; ISBN : 978-2-9565593-0-6 Le livre en format \u00e9lectronique d\u00e9sormais en acc\u00e8s gratuit Il vous suffit de le t\u00e9l\u00e9charger &hellip; <a href=\"https:\/\/yallah-yallah.com\/fertiladour\/vous-procurer-sans-compter-les-morts-fertiladour-timac-agro-en-format-tablette-gratuitement\/\" title=\"Vous procurer \u00ab\u00a0Sans compter les morts\u00a0\u00bb en format tablette, gratuitement\" class=\"read-more\">Read More<\/a><\/p>\n","protected":false},"author":1,"featured_media":2835,"parent":0,"menu_order":0,"comment_status":"closed","ping_status":"closed","template":"","meta":{"footnotes":""},"class_list":["post-2785","page","type-page","status-publish","has-post-thumbnail","hentry"],"_links":{"self":[{"href":"https:\/\/yallah-yallah.com\/fertiladour\/wp-json\/wp\/v2\/pages\/2785","targetHints":{"allow":["GET"]}}],"collection":[{"href":"https:\/\/yallah-yallah.com\/fertiladour\/wp-json\/wp\/v2\/pages"}],"about":[{"href":"https:\/\/yallah-yallah.com\/fertiladour\/wp-json\/wp\/v2\/types\/page"}],"author":[{"embeddable":true,"href":"https:\/\/yallah-yallah.com\/fertiladour\/wp-json\/wp\/v2\/users\/1"}],"replies":[{"embeddable":true,"href":"https:\/\/yallah-yallah.com\/fertiladour\/wp-json\/wp\/v2\/comments?post=2785"}],"version-history":[{"count":5,"href":"https:\/\/yallah-yallah.com\/fertiladour\/wp-json\/wp\/v2\/pages\/2785\/revisions"}],"predecessor-version":[{"id":2849,"href":"https:\/\/yallah-yallah.com\/fertiladour\/wp-json\/wp\/v2\/pages\/2785\/revisions\/2849"}],"wp:featuredmedia":[{"embeddable":true,"href":"https:\/\/yallah-yallah.com\/fertiladour\/wp-json\/wp\/v2\/media\/2835"}],"wp:attachment":[{"href":"https:\/\/yallah-yallah.com\/fertiladour\/wp-json\/wp\/v2\/media?parent=2785"}],"curies":[{"name":"wp","href":"https:\/\/api.w.org\/{rel}","templated":true}]}}